{"id":11,"date":"2026-01-20T12:25:00","date_gmt":"2026-01-20T12:25:00","guid":{"rendered":"https:\/\/rioski.fi\/?page_id=11"},"modified":"2026-01-23T06:19:22","modified_gmt":"2026-01-23T06:19:22","slug":"tilausehdot","status":"publish","type":"page","link":"https:\/\/rioski.fi\/index.php\/tilausehdot\/","title":{"rendered":"Tilaus ja toimitusehdot"},"content":{"rendered":"\n<p><\/p>\n\n\n\n<p><\/p>\n\n\n\n<p><strong>Toimitustapa ja -kulut<\/strong><br>Tilauksesi toimituskulut n\u00e4et valittuasi maksu- ja toimitustavan. Toimitamme tilaukset kirjattuna (esim. postipaketit) tai kirjaamattomana toimituksena, joista kirjattuja l\u00e4hetyksi\u00e4 voi seurata l\u00e4hetystunnuksella. Seuraavassa keskeisimm\u00e4t toimitustapamme. Oikeudet muutoksiin pid\u00e4tet\u00e4\u00e4n.<\/p>\n\n\n\n<ul class=\"wp-block-list\">\n<li>Nouto 0 \u20ac<\/li>\n\n\n\n<li>Paketit Matkahuollon noutopisteeseen (0-20 kg)\n<ul class=\"wp-block-list\">\n<li>x,xx \u20ac<\/li>\n\n\n\n<li>Toimitusaika 2-5 arkip\u00e4iv\u00e4\u00e4<\/li>\n<\/ul>\n<\/li>\n\n\n\n<li>Matkahuolto toimitus kotiovelle (0-20 kg)\n<ul class=\"wp-block-list\">\n<li>xx,xx \u20ac<\/li>\n\n\n\n<li>Toimitusaika 2-5 p\u00e4iv\u00e4\u00e4<\/li>\n<\/ul>\n<\/li>\n\n\n\n<li>Matkahuolto toimitus kotiovelle (50-75kg)\n<ul class=\"wp-block-list\">\n<li>xx,xx \u20ac<\/li>\n<\/ul>\n<\/li>\n\n\n\n<li>Matkahuolto toimitus kotiovelle (yli 75 kg)\n<ul class=\"wp-block-list\">\n<li>xxx,xx \u20ac\n<ul class=\"wp-block-list\">\n<li><\/li>\n<\/ul>\n<\/li>\n<\/ul>\n<\/li>\n<\/ul>\n\n\n\n<p><strong>Toimitusaika<\/strong><br>Normaali toimitusaika on 2-5 arkip\u00e4iv\u00e4\u00e4. Mik\u00e4li toimitusaika poikkeaa t\u00e4st\u00e4, pyrimme ilmoittamaan t\u00e4st\u00e4 tuotetiedoissa. Toimitusaika-arviot annetaan Acea Oy:n varastotilanteen ja maahantuojien antaminen tilausaika-arvioiden perusteella. Acea Oy ei ole vastuussa ulkopuolelta tulevien ennalta-arvaamattomien muutosten aiheuttamista viiv\u00e4styksist\u00e4 tai viiv\u00e4stysten aiheuttamista v\u00e4lillisist\u00e4 haitoista, mutta on velvollinen ilmoittamaan n\u00e4ist\u00e4 asiakkaalle ensi tilassa. Tilauksen tilaa voi tiedustella l\u00e4hett\u00e4m\u00e4ll\u00e4 s\u00e4hk\u00f6postia palautelomakkeellamme.<\/p>\n\n\n\n<p><\/p>\n\n\n\n<p><\/p>\n","protected":false},"excerpt":{"rendered":"<p>Toimitustapa ja -kulutTilauksesi toimituskulut n\u00e4et valittuasi maksu- ja toimitustavan. Toimitamme tilaukset kirjattuna (esim. postipaketit) tai kirjaamattomana toimituksena, joista kirjattuja l\u00e4hetyksi\u00e4 voi seurata l\u00e4hetystunnuksella. Seuraavassa keskeisimm\u00e4t toimitustapamme. Oikeudet muutoksiin pid\u00e4tet\u00e4\u00e4n. ToimitusaikaNormaali toimitusaika on 2-5 arkip\u00e4iv\u00e4\u00e4. Mik\u00e4li&hellip;<\/p>\n","protected":false},"author":1,"featured_media":1251,"parent":0,"menu_order":0,"comment_status":"closed","ping_status":"closed","template":"","meta":{"footnotes":""},"class_list":["post-11","page","type-page","status-publish","has-post-thumbnail","hentry"],"_links":{"self":[{"href":"https:\/\/rioski.fi\/index.php\/wp-json\/wp\/v2\/pages\/11","targetHints":{"allow":["GET"]}}],"collection":[{"href":"https:\/\/rioski.fi\/index.php\/wp-json\/wp\/v2\/pages"}],"about":[{"href":"https:\/\/rioski.fi\/index.php\/wp-json\/wp\/v2\/types\/page"}],"author":[{"embeddable":true,"href":"https:\/\/rioski.fi\/index.php\/wp-json\/wp\/v2\/users\/1"}],"replies":[{"embeddable":true,"href":"https:\/\/rioski.fi\/index.php\/wp-json\/wp\/v2\/comments?post=11"}],"version-history":[{"count":3,"href":"https:\/\/rioski.fi\/index.php\/wp-json\/wp\/v2\/pages\/11\/revisions"}],"predecessor-version":[{"id":1214,"href":"https:\/\/rioski.fi\/index.php\/wp-json\/wp\/v2\/pages\/11\/revisions\/1214"}],"wp:featuredmedia":[{"embeddable":true,"href":"https:\/\/rioski.fi\/index.php\/wp-json\/wp\/v2\/media\/1251"}],"wp:attachment":[{"href":"https:\/\/rioski.fi\/index.php\/wp-json\/wp\/v2\/media?parent=11"}],"curies":[{"name":"wp","href":"https:\/\/api.w.org\/{rel}","templated":true}]}}